{"id":88,"date":"2025-12-16T18:58:16","date_gmt":"2025-12-16T17:58:16","guid":{"rendered":"http:\/\/stmn.tn\/?page_id=88"},"modified":"2026-04-07T15:49:37","modified_gmt":"2026-04-07T13:49:37","slug":"congres-annuel-de-la-stmn","status":"publish","type":"page","link":"https:\/\/stmn.tn\/index.php\/congres-annuel-de-la-stmn\/","title":{"rendered":""},"content":{"rendered":"\t\t<div data-elementor-type=\"wp-page\" data-elementor-id=\"88\" class=\"elementor elementor-88\">\n\t\t\t\t<div class=\"elementor-element elementor-element-ac224f5 e-flex e-con-boxed e-con e-parent\" data-id=\"ac224f5\" data-element_type=\"container\" data-e-type=\"container\" data-settings=\"{&quot;background_background&quot;:&quot;classic&quot;}\">\n\t\t\t\t\t<div class=\"e-con-inner\">\n\t\t\t\t<div class=\"elementor-element elementor-element-16ae1f2 elementor-widget elementor-widget-image\" data-id=\"16ae1f2\" data-element_type=\"widget\" data-e-type=\"widget\" data-widget_type=\"image.default\">\n\t\t\t\t\t\t\t\t\t\t\t\t\t\t\t<img fetchpriority=\"high\" decoding=\"async\" width=\"2048\" height=\"1365\" src=\"https:\/\/stmn.tn\/wp-content\/uploads\/2026\/04\/DSC02279-2048x1365.jpg\" class=\"attachment-2048x2048 size-2048x2048 wp-image-212\" alt=\"\" srcset=\"https:\/\/stmn.tn\/wp-content\/uploads\/2026\/04\/DSC02279-2048x1365.jpg 2048w, https:\/\/stmn.tn\/wp-content\/uploads\/2026\/04\/DSC02279-300x200.jpg 300w, https:\/\/stmn.tn\/wp-content\/uploads\/2026\/04\/DSC02279-1024x683.jpg 1024w, https:\/\/stmn.tn\/wp-content\/uploads\/2026\/04\/DSC02279-768x512.jpg 768w, https:\/\/stmn.tn\/wp-content\/uploads\/2026\/04\/DSC02279-1536x1024.jpg 1536w\" sizes=\"(max-width: 2048px) 100vw, 2048px\" \/>\t\t\t\t\t\t\t\t\t\t\t\t\t\t\t<\/div>\n\t\t\t\t\t<\/div>\n\t\t\t\t<\/div>\n\t\t<div class=\"elementor-element elementor-element-2df4d51 e-flex e-con-boxed e-con e-parent\" data-id=\"2df4d51\" data-element_type=\"container\" data-e-type=\"container\">\n\t\t\t\t\t<div class=\"e-con-inner\">\n\t\t\t\t<div class=\"elementor-element elementor-element-90f7e6f elementor-widget elementor-widget-image-gallery\" data-id=\"90f7e6f\" data-element_type=\"widget\" data-e-type=\"widget\" data-widget_type=\"image-gallery.default\">\n\t\t\t\t\t\t\t<div class=\"elementor-image-gallery\">\n\t\t\t<div id='gallery-1' class='gallery galleryid-88 gallery-columns-2 gallery-size-2048x2048'><figure class='gallery-item'>\n\t\t\t<div class='gallery-icon landscape'>\n\t\t\t\t<a data-elementor-open-lightbox=\"yes\" data-elementor-lightbox-slideshow=\"90f7e6f\" data-elementor-lightbox-title=\"stmn\" data-e-action-hash=\"#elementor-action%3Aaction%3Dlightbox%26settings%3DeyJpZCI6MjMwLCJ1cmwiOiJodHRwczpcL1wvc3Rtbi50blwvd3AtY29udGVudFwvdXBsb2Fkc1wvMjAyNlwvMDRcL3N0bW4uanBnIiwic2xpZGVzaG93IjoiOTBmN2U2ZiJ9\" href='https:\/\/stmn.tn\/wp-content\/uploads\/2026\/04\/stmn.jpg'><img decoding=\"async\" width=\"1600\" height=\"1142\" src=\"https:\/\/stmn.tn\/wp-content\/uploads\/2026\/04\/stmn.jpg\" class=\"attachment-2048x2048 size-2048x2048\" alt=\"\" srcset=\"https:\/\/stmn.tn\/wp-content\/uploads\/2026\/04\/stmn.jpg 1600w, https:\/\/stmn.tn\/wp-content\/uploads\/2026\/04\/stmn-300x214.jpg 300w, https:\/\/stmn.tn\/wp-content\/uploads\/2026\/04\/stmn-1024x731.jpg 1024w, https:\/\/stmn.tn\/wp-content\/uploads\/2026\/04\/stmn-768x548.jpg 768w, https:\/\/stmn.tn\/wp-content\/uploads\/2026\/04\/stmn-1536x1096.jpg 1536w\" sizes=\"(max-width: 1600px) 100vw, 1600px\" \/><\/a>\n\t\t\t<\/div><\/figure><figure class='gallery-item'>\n\t\t\t<div class='gallery-icon landscape'>\n\t\t\t\t<a data-elementor-open-lightbox=\"yes\" data-elementor-lightbox-slideshow=\"90f7e6f\" data-elementor-lightbox-title=\"d195cdae-06b2-47f0-b99a-f1d81c48aa07\" data-e-action-hash=\"#elementor-action%3Aaction%3Dlightbox%26settings%3DeyJpZCI6MjM1LCJ1cmwiOiJodHRwczpcL1wvc3Rtbi50blwvd3AtY29udGVudFwvdXBsb2Fkc1wvMjAyNlwvMDRcL2QxOTVjZGFlLTA2YjItNDdmMC1iOTlhLWYxZDgxYzQ4YWEwNy5qcGciLCJzbGlkZXNob3ciOiI5MGY3ZTZmIn0%3D\" href='https:\/\/stmn.tn\/wp-content\/uploads\/2026\/04\/d195cdae-06b2-47f0-b99a-f1d81c48aa07.jpg'><img decoding=\"async\" width=\"1600\" height=\"1142\" src=\"https:\/\/stmn.tn\/wp-content\/uploads\/2026\/04\/d195cdae-06b2-47f0-b99a-f1d81c48aa07.jpg\" class=\"attachment-2048x2048 size-2048x2048\" alt=\"\" srcset=\"https:\/\/stmn.tn\/wp-content\/uploads\/2026\/04\/d195cdae-06b2-47f0-b99a-f1d81c48aa07.jpg 1600w, https:\/\/stmn.tn\/wp-content\/uploads\/2026\/04\/d195cdae-06b2-47f0-b99a-f1d81c48aa07-300x214.jpg 300w, https:\/\/stmn.tn\/wp-content\/uploads\/2026\/04\/d195cdae-06b2-47f0-b99a-f1d81c48aa07-1024x731.jpg 1024w, https:\/\/stmn.tn\/wp-content\/uploads\/2026\/04\/d195cdae-06b2-47f0-b99a-f1d81c48aa07-768x548.jpg 768w, https:\/\/stmn.tn\/wp-content\/uploads\/2026\/04\/d195cdae-06b2-47f0-b99a-f1d81c48aa07-1536x1096.jpg 1536w\" sizes=\"(max-width: 1600px) 100vw, 1600px\" \/><\/a>\n\t\t\t<\/div><\/figure><figure class='gallery-item'>\n\t\t\t<div class='gallery-icon landscape'>\n\t\t\t\t<a data-elementor-open-lightbox=\"yes\" data-elementor-lightbox-slideshow=\"90f7e6f\" data-elementor-lightbox-title=\"15 \u00e8me congr\u00e8s-stmn\" data-e-action-hash=\"#elementor-action%3Aaction%3Dlightbox%26settings%3DeyJpZCI6MjMyLCJ1cmwiOiJodHRwczpcL1wvc3Rtbi50blwvd3AtY29udGVudFwvdXBsb2Fkc1wvMjAyNlwvMDRcLzE1LWVtZS1jb25ncmVzLXN0bW4tMS5qcGciLCJzbGlkZXNob3ciOiI5MGY3ZTZmIn0%3D\" href='https:\/\/stmn.tn\/wp-content\/uploads\/2026\/04\/15-eme-congres-stmn-1.jpg'><img loading=\"lazy\" decoding=\"async\" width=\"1600\" height=\"1142\" src=\"https:\/\/stmn.tn\/wp-content\/uploads\/2026\/04\/15-eme-congres-stmn-1.jpg\" class=\"attachment-2048x2048 size-2048x2048\" alt=\"\" srcset=\"https:\/\/stmn.tn\/wp-content\/uploads\/2026\/04\/15-eme-congres-stmn-1.jpg 1600w, https:\/\/stmn.tn\/wp-content\/uploads\/2026\/04\/15-eme-congres-stmn-1-300x214.jpg 300w, https:\/\/stmn.tn\/wp-content\/uploads\/2026\/04\/15-eme-congres-stmn-1-1024x731.jpg 1024w, https:\/\/stmn.tn\/wp-content\/uploads\/2026\/04\/15-eme-congres-stmn-1-768x548.jpg 768w, https:\/\/stmn.tn\/wp-content\/uploads\/2026\/04\/15-eme-congres-stmn-1-1536x1096.jpg 1536w\" sizes=\"(max-width: 1600px) 100vw, 1600px\" \/><\/a>\n\t\t\t<\/div><\/figure><figure class='gallery-item'>\n\t\t\t<div class='gallery-icon landscape'>\n\t\t\t\t<a data-elementor-open-lightbox=\"yes\" data-elementor-lightbox-slideshow=\"90f7e6f\" data-elementor-lightbox-title=\"15\u00e8me Congr\u00e9s annuel de m\u00e9decine nucl\u00e9aire\" data-e-action-hash=\"#elementor-action%3Aaction%3Dlightbox%26settings%3DeyJpZCI6MjA4LCJ1cmwiOiJodHRwczpcL1wvc3Rtbi50blwvd3AtY29udGVudFwvdXBsb2Fkc1wvMjAyNlwvMDRcL0RTQzA5ODQwLXNjYWxlZC5qcGciLCJzbGlkZXNob3ciOiI5MGY3ZTZmIn0%3D\" href='https:\/\/stmn.tn\/wp-content\/uploads\/2026\/04\/DSC09840-scaled.jpg'><img loading=\"lazy\" decoding=\"async\" width=\"2048\" height=\"1463\" src=\"https:\/\/stmn.tn\/wp-content\/uploads\/2026\/04\/DSC09840-scaled.jpg\" class=\"attachment-2048x2048 size-2048x2048\" alt=\"\" srcset=\"https:\/\/stmn.tn\/wp-content\/uploads\/2026\/04\/DSC09840-scaled.jpg 2560w, https:\/\/stmn.tn\/wp-content\/uploads\/2026\/04\/DSC09840-300x214.jpg 300w, https:\/\/stmn.tn\/wp-content\/uploads\/2026\/04\/DSC09840-1024x731.jpg 1024w, https:\/\/stmn.tn\/wp-content\/uploads\/2026\/04\/DSC09840-768x549.jpg 768w, https:\/\/stmn.tn\/wp-content\/uploads\/2026\/04\/DSC09840-1536x1097.jpg 1536w\" sizes=\"(max-width: 2048px) 100vw, 2048px\" \/><\/a>\n\t\t\t<\/div><\/figure><figure class='gallery-item'>\n\t\t\t<div class='gallery-icon landscape'>\n\t\t\t\t<a data-elementor-open-lightbox=\"yes\" data-elementor-lightbox-slideshow=\"90f7e6f\" data-elementor-lightbox-title=\"15\u00e8me Congr\u00e9s annuel de m\u00e9decine nucl\u00e9aire\" data-e-action-hash=\"#elementor-action%3Aaction%3Dlightbox%26settings%3DeyJpZCI6MjA3LCJ1cmwiOiJodHRwczpcL1wvc3Rtbi50blwvd3AtY29udGVudFwvdXBsb2Fkc1wvMjAyNlwvMDRcL0RTQzA5ODIxLXNjYWxlZC5qcGciLCJzbGlkZXNob3ciOiI5MGY3ZTZmIn0%3D\" href='https:\/\/stmn.tn\/wp-content\/uploads\/2026\/04\/DSC09821-scaled.jpg'><img loading=\"lazy\" decoding=\"async\" width=\"2048\" height=\"1462\" src=\"https:\/\/stmn.tn\/wp-content\/uploads\/2026\/04\/DSC09821-scaled.jpg\" class=\"attachment-2048x2048 size-2048x2048\" alt=\"\" srcset=\"https:\/\/stmn.tn\/wp-content\/uploads\/2026\/04\/DSC09821-scaled.jpg 2560w, https:\/\/stmn.tn\/wp-content\/uploads\/2026\/04\/DSC09821-300x214.jpg 300w, https:\/\/stmn.tn\/wp-content\/uploads\/2026\/04\/DSC09821-1024x731.jpg 1024w, https:\/\/stmn.tn\/wp-content\/uploads\/2026\/04\/DSC09821-768x549.jpg 768w, https:\/\/stmn.tn\/wp-content\/uploads\/2026\/04\/DSC09821-1536x1097.jpg 1536w\" sizes=\"(max-width: 2048px) 100vw, 2048px\" \/><\/a>\n\t\t\t<\/div><\/figure><figure class='gallery-item'>\n\t\t\t<div class='gallery-icon landscape'>\n\t\t\t\t<a data-elementor-open-lightbox=\"yes\" data-elementor-lightbox-slideshow=\"90f7e6f\" data-elementor-lightbox-title=\"15\u00e8me Congr\u00e9s annuel de m\u00e9decine nucl\u00e9aire\" data-e-action-hash=\"#elementor-action%3Aaction%3Dlightbox%26settings%3DeyJpZCI6MjA0LCJ1cmwiOiJodHRwczpcL1wvc3Rtbi50blwvd3AtY29udGVudFwvdXBsb2Fkc1wvMjAyNlwvMDRcL0RTQzA5Nzk4LXNjYWxlZC5qcGciLCJzbGlkZXNob3ciOiI5MGY3ZTZmIn0%3D\" href='https:\/\/stmn.tn\/wp-content\/uploads\/2026\/04\/DSC09798-scaled.jpg'><img loading=\"lazy\" decoding=\"async\" width=\"2048\" height=\"1463\" src=\"https:\/\/stmn.tn\/wp-content\/uploads\/2026\/04\/DSC09798-scaled.jpg\" class=\"attachment-2048x2048 size-2048x2048\" alt=\"\" srcset=\"https:\/\/stmn.tn\/wp-content\/uploads\/2026\/04\/DSC09798-scaled.jpg 2560w, https:\/\/stmn.tn\/wp-content\/uploads\/2026\/04\/DSC09798-300x214.jpg 300w, https:\/\/stmn.tn\/wp-content\/uploads\/2026\/04\/DSC09798-1024x732.jpg 1024w, https:\/\/stmn.tn\/wp-content\/uploads\/2026\/04\/DSC09798-768x549.jpg 768w, https:\/\/stmn.tn\/wp-content\/uploads\/2026\/04\/DSC09798-1536x1097.jpg 1536w\" sizes=\"(max-width: 2048px) 100vw, 2048px\" \/><\/a>\n\t\t\t<\/div><\/figure><figure class='gallery-item'>\n\t\t\t<div class='gallery-icon landscape'>\n\t\t\t\t<a data-elementor-open-lightbox=\"yes\" data-elementor-lightbox-slideshow=\"90f7e6f\" data-elementor-lightbox-title=\"15\u00e8me Congr\u00e9s annuel de m\u00e9decine nucl\u00e9aire\" data-e-action-hash=\"#elementor-action%3Aaction%3Dlightbox%26settings%3DeyJpZCI6MjA1LCJ1cmwiOiJodHRwczpcL1wvc3Rtbi50blwvd3AtY29udGVudFwvdXBsb2Fkc1wvMjAyNlwvMDRcL0RTQzA5ODA0LXNjYWxlZC5qcGciLCJzbGlkZXNob3ciOiI5MGY3ZTZmIn0%3D\" href='https:\/\/stmn.tn\/wp-content\/uploads\/2026\/04\/DSC09804-scaled.jpg'><img loading=\"lazy\" decoding=\"async\" width=\"2048\" height=\"1463\" src=\"https:\/\/stmn.tn\/wp-content\/uploads\/2026\/04\/DSC09804-scaled.jpg\" class=\"attachment-2048x2048 size-2048x2048\" alt=\"\" srcset=\"https:\/\/stmn.tn\/wp-content\/uploads\/2026\/04\/DSC09804-scaled.jpg 2560w, https:\/\/stmn.tn\/wp-content\/uploads\/2026\/04\/DSC09804-300x214.jpg 300w, https:\/\/stmn.tn\/wp-content\/uploads\/2026\/04\/DSC09804-1024x732.jpg 1024w, https:\/\/stmn.tn\/wp-content\/uploads\/2026\/04\/DSC09804-768x549.jpg 768w, https:\/\/stmn.tn\/wp-content\/uploads\/2026\/04\/DSC09804-1536x1097.jpg 1536w\" sizes=\"(max-width: 2048px) 100vw, 2048px\" \/><\/a>\n\t\t\t<\/div><\/figure><figure class='gallery-item'>\n\t\t\t<div class='gallery-icon landscape'>\n\t\t\t\t<a data-elementor-open-lightbox=\"yes\" data-elementor-lightbox-slideshow=\"90f7e6f\" data-elementor-lightbox-title=\"15\u00e8me Congr\u00e9s annuel de m\u00e9decine nucl\u00e9aire\" data-e-action-hash=\"#elementor-action%3Aaction%3Dlightbox%26settings%3DeyJpZCI6MjE0LCJ1cmwiOiJodHRwczpcL1wvc3Rtbi50blwvd3AtY29udGVudFwvdXBsb2Fkc1wvMjAyNlwvMDRcL0RTQzAyMTIzLXNjYWxlZC5qcGciLCJzbGlkZXNob3ciOiI5MGY3ZTZmIn0%3D\" href='https:\/\/stmn.tn\/wp-content\/uploads\/2026\/04\/DSC02123-scaled.jpg'><img loading=\"lazy\" decoding=\"async\" width=\"2048\" height=\"1365\" src=\"https:\/\/stmn.tn\/wp-content\/uploads\/2026\/04\/DSC02123-2048x1365.jpg\" class=\"attachment-2048x2048 size-2048x2048\" alt=\"\" srcset=\"https:\/\/stmn.tn\/wp-content\/uploads\/2026\/04\/DSC02123-2048x1365.jpg 2048w, https:\/\/stmn.tn\/wp-content\/uploads\/2026\/04\/DSC02123-300x200.jpg 300w, https:\/\/stmn.tn\/wp-content\/uploads\/2026\/04\/DSC02123-1024x683.jpg 1024w, https:\/\/stmn.tn\/wp-content\/uploads\/2026\/04\/DSC02123-768x512.jpg 768w, https:\/\/stmn.tn\/wp-content\/uploads\/2026\/04\/DSC02123-1536x1024.jpg 1536w\" sizes=\"(max-width: 2048px) 100vw, 2048px\" \/><\/a>\n\t\t\t<\/div><\/figure><figure class='gallery-item'>\n\t\t\t<div class='gallery-icon landscape'>\n\t\t\t\t<a data-elementor-open-lightbox=\"yes\" data-elementor-lightbox-slideshow=\"90f7e6f\" data-elementor-lightbox-title=\"15\u00e8me Congr\u00e9s annuel de m\u00e9decine nucl\u00e9aire\" data-e-action-hash=\"#elementor-action%3Aaction%3Dlightbox%26settings%3DeyJpZCI6MjE4LCJ1cmwiOiJodHRwczpcL1wvc3Rtbi50blwvd3AtY29udGVudFwvdXBsb2Fkc1wvMjAyNlwvMDRcL0RTQzAyMDc1LXNjYWxlZC5qcGciLCJzbGlkZXNob3ciOiI5MGY3ZTZmIn0%3D\" href='https:\/\/stmn.tn\/wp-content\/uploads\/2026\/04\/DSC02075-scaled.jpg'><img loading=\"lazy\" decoding=\"async\" width=\"2048\" height=\"1365\" src=\"https:\/\/stmn.tn\/wp-content\/uploads\/2026\/04\/DSC02075-2048x1365.jpg\" class=\"attachment-2048x2048 size-2048x2048\" alt=\"15\u00e8me Congr\u00e9s annuel de m\u00e9decine nucl\u00e9aire\" srcset=\"https:\/\/stmn.tn\/wp-content\/uploads\/2026\/04\/DSC02075-2048x1365.jpg 2048w, https:\/\/stmn.tn\/wp-content\/uploads\/2026\/04\/DSC02075-300x200.jpg 300w, https:\/\/stmn.tn\/wp-content\/uploads\/2026\/04\/DSC02075-1024x683.jpg 1024w, https:\/\/stmn.tn\/wp-content\/uploads\/2026\/04\/DSC02075-768x512.jpg 768w, https:\/\/stmn.tn\/wp-content\/uploads\/2026\/04\/DSC02075-1536x1024.jpg 1536w\" sizes=\"(max-width: 2048px) 100vw, 2048px\" \/><\/a>\n\t\t\t<\/div><\/figure><figure class='gallery-item'>\n\t\t\t<div class='gallery-icon landscape'>\n\t\t\t\t<a data-elementor-open-lightbox=\"yes\" data-elementor-lightbox-slideshow=\"90f7e6f\" data-elementor-lightbox-title=\"15\u00e8me Congr\u00e9s annuel de m\u00e9decine nucl\u00e9aire\" data-e-action-hash=\"#elementor-action%3Aaction%3Dlightbox%26settings%3DeyJpZCI6MjE3LCJ1cmwiOiJodHRwczpcL1wvc3Rtbi50blwvd3AtY29udGVudFwvdXBsb2Fkc1wvMjAyNlwvMDRcL0RTQzAyMjI2LXNjYWxlZC5qcGciLCJzbGlkZXNob3ciOiI5MGY3ZTZmIn0%3D\" href='https:\/\/stmn.tn\/wp-content\/uploads\/2026\/04\/DSC02226-scaled.jpg'><img loading=\"lazy\" decoding=\"async\" width=\"2048\" height=\"1365\" src=\"https:\/\/stmn.tn\/wp-content\/uploads\/2026\/04\/DSC02226-2048x1365.jpg\" class=\"attachment-2048x2048 size-2048x2048\" alt=\"15\u00e8me Congr\u00e9s annuel de m\u00e9decine nucl\u00e9aire\" srcset=\"https:\/\/stmn.tn\/wp-content\/uploads\/2026\/04\/DSC02226-2048x1365.jpg 2048w, https:\/\/stmn.tn\/wp-content\/uploads\/2026\/04\/DSC02226-300x200.jpg 300w, https:\/\/stmn.tn\/wp-content\/uploads\/2026\/04\/DSC02226-1024x683.jpg 1024w, https:\/\/stmn.tn\/wp-content\/uploads\/2026\/04\/DSC02226-768x512.jpg 768w, https:\/\/stmn.tn\/wp-content\/uploads\/2026\/04\/DSC02226-1536x1024.jpg 1536w\" sizes=\"(max-width: 2048px) 100vw, 2048px\" \/><\/a>\n\t\t\t<\/div><\/figure><figure class='gallery-item'>\n\t\t\t<div class='gallery-icon landscape'>\n\t\t\t\t<a data-elementor-open-lightbox=\"yes\" data-elementor-lightbox-slideshow=\"90f7e6f\" data-elementor-lightbox-title=\"15\u00e8me Congr\u00e9s annuel de m\u00e9decine nucl\u00e9aire\" data-e-action-hash=\"#elementor-action%3Aaction%3Dlightbox%26settings%3DeyJpZCI6MjE2LCJ1cmwiOiJodHRwczpcL1wvc3Rtbi50blwvd3AtY29udGVudFwvdXBsb2Fkc1wvMjAyNlwvMDRcL0RTQzAyMjM0LXNjYWxlZC5qcGciLCJzbGlkZXNob3ciOiI5MGY3ZTZmIn0%3D\" href='https:\/\/stmn.tn\/wp-content\/uploads\/2026\/04\/DSC02234-scaled.jpg'><img loading=\"lazy\" decoding=\"async\" width=\"2048\" height=\"1365\" src=\"https:\/\/stmn.tn\/wp-content\/uploads\/2026\/04\/DSC02234-2048x1365.jpg\" class=\"attachment-2048x2048 size-2048x2048\" alt=\"15\u00e8me Congr\u00e9s annuel de m\u00e9decine nucl\u00e9aire\" srcset=\"https:\/\/stmn.tn\/wp-content\/uploads\/2026\/04\/DSC02234-2048x1365.jpg 2048w, https:\/\/stmn.tn\/wp-content\/uploads\/2026\/04\/DSC02234-300x200.jpg 300w, https:\/\/stmn.tn\/wp-content\/uploads\/2026\/04\/DSC02234-1024x683.jpg 1024w, https:\/\/stmn.tn\/wp-content\/uploads\/2026\/04\/DSC02234-768x512.jpg 768w, https:\/\/stmn.tn\/wp-content\/uploads\/2026\/04\/DSC02234-1536x1024.jpg 1536w\" sizes=\"(max-width: 2048px) 100vw, 2048px\" \/><\/a>\n\t\t\t<\/div><\/figure><figure class='gallery-item'>\n\t\t\t<div class='gallery-icon landscape'>\n\t\t\t\t<a data-elementor-open-lightbox=\"yes\" data-elementor-lightbox-slideshow=\"90f7e6f\" data-elementor-lightbox-title=\"15\u00e8me Congr\u00e9s annuel de m\u00e9decine nucl\u00e9aire\" data-e-action-hash=\"#elementor-action%3Aaction%3Dlightbox%26settings%3DeyJpZCI6MjE5LCJ1cmwiOiJodHRwczpcL1wvc3Rtbi50blwvd3AtY29udGVudFwvdXBsb2Fkc1wvMjAyNlwvMDRcL0RTQzAyMDcyLXNjYWxlZC5qcGciLCJzbGlkZXNob3ciOiI5MGY3ZTZmIn0%3D\" href='https:\/\/stmn.tn\/wp-content\/uploads\/2026\/04\/DSC02072-scaled.jpg'><img loading=\"lazy\" decoding=\"async\" width=\"2048\" height=\"1365\" src=\"https:\/\/stmn.tn\/wp-content\/uploads\/2026\/04\/DSC02072-2048x1365.jpg\" class=\"attachment-2048x2048 size-2048x2048\" alt=\"\" srcset=\"https:\/\/stmn.tn\/wp-content\/uploads\/2026\/04\/DSC02072-2048x1365.jpg 2048w, https:\/\/stmn.tn\/wp-content\/uploads\/2026\/04\/DSC02072-300x200.jpg 300w, https:\/\/stmn.tn\/wp-content\/uploads\/2026\/04\/DSC02072-1024x683.jpg 1024w, https:\/\/stmn.tn\/wp-content\/uploads\/2026\/04\/DSC02072-768x512.jpg 768w, https:\/\/stmn.tn\/wp-content\/uploads\/2026\/04\/DSC02072-1536x1024.jpg 1536w\" sizes=\"(max-width: 2048px) 100vw, 2048px\" \/><\/a>\n\t\t\t<\/div><\/figure><figure class='gallery-item'>\n\t\t\t<div class='gallery-icon landscape'>\n\t\t\t\t<a data-elementor-open-lightbox=\"yes\" data-elementor-lightbox-slideshow=\"90f7e6f\" data-elementor-lightbox-title=\"15\u00e8me Congr\u00e9s annuel de m\u00e9decine nucl\u00e9aire\" data-e-action-hash=\"#elementor-action%3Aaction%3Dlightbox%26settings%3DeyJpZCI6MjE1LCJ1cmwiOiJodHRwczpcL1wvc3Rtbi50blwvd3AtY29udGVudFwvdXBsb2Fkc1wvMjAyNlwvMDRcL0RTQzAyMTY4LXNjYWxlZC5qcGciLCJzbGlkZXNob3ciOiI5MGY3ZTZmIn0%3D\" href='https:\/\/stmn.tn\/wp-content\/uploads\/2026\/04\/DSC02168-scaled.jpg'><img loading=\"lazy\" decoding=\"async\" width=\"2048\" height=\"1365\" src=\"https:\/\/stmn.tn\/wp-content\/uploads\/2026\/04\/DSC02168-2048x1365.jpg\" class=\"attachment-2048x2048 size-2048x2048\" alt=\"\" srcset=\"https:\/\/stmn.tn\/wp-content\/uploads\/2026\/04\/DSC02168-2048x1365.jpg 2048w, https:\/\/stmn.tn\/wp-content\/uploads\/2026\/04\/DSC02168-300x200.jpg 300w, https:\/\/stmn.tn\/wp-content\/uploads\/2026\/04\/DSC02168-1024x683.jpg 1024w, https:\/\/stmn.tn\/wp-content\/uploads\/2026\/04\/DSC02168-768x512.jpg 768w, https:\/\/stmn.tn\/wp-content\/uploads\/2026\/04\/DSC02168-1536x1024.jpg 1536w\" sizes=\"(max-width: 2048px) 100vw, 2048px\" \/><\/a>\n\t\t\t<\/div><\/figure><figure class='gallery-item'>\n\t\t\t<div class='gallery-icon landscape'>\n\t\t\t\t<a data-elementor-open-lightbox=\"yes\" data-elementor-lightbox-slideshow=\"90f7e6f\" data-elementor-lightbox-title=\"15 \u00e8me congr\u00e8s stmn\" data-e-action-hash=\"#elementor-action%3Aaction%3Dlightbox%26settings%3DeyJpZCI6MjMxLCJ1cmwiOiJodHRwczpcL1wvc3Rtbi50blwvd3AtY29udGVudFwvdXBsb2Fkc1wvMjAyNlwvMDRcLzE1LWVtZS1jb25ncmVzLXN0bW4uanBnIiwic2xpZGVzaG93IjoiOTBmN2U2ZiJ9\" href='https:\/\/stmn.tn\/wp-content\/uploads\/2026\/04\/15-eme-congres-stmn.jpg'><img loading=\"lazy\" decoding=\"async\" width=\"1600\" height=\"1142\" src=\"https:\/\/stmn.tn\/wp-content\/uploads\/2026\/04\/15-eme-congres-stmn.jpg\" class=\"attachment-2048x2048 size-2048x2048\" alt=\"\" srcset=\"https:\/\/stmn.tn\/wp-content\/uploads\/2026\/04\/15-eme-congres-stmn.jpg 1600w, https:\/\/stmn.tn\/wp-content\/uploads\/2026\/04\/15-eme-congres-stmn-300x214.jpg 300w, https:\/\/stmn.tn\/wp-content\/uploads\/2026\/04\/15-eme-congres-stmn-1024x731.jpg 1024w, https:\/\/stmn.tn\/wp-content\/uploads\/2026\/04\/15-eme-congres-stmn-768x548.jpg 768w, https:\/\/stmn.tn\/wp-content\/uploads\/2026\/04\/15-eme-congres-stmn-1536x1096.jpg 1536w\" sizes=\"(max-width: 1600px) 100vw, 1600px\" \/><\/a>\n\t\t\t<\/div><\/figure><figure class='gallery-item'>\n\t\t\t<div class='gallery-icon landscape'>\n\t\t\t\t<a data-elementor-open-lightbox=\"yes\" data-elementor-lightbox-slideshow=\"90f7e6f\" data-elementor-lightbox-title=\"15\u00e8mecongr\u00e8s stmn\" data-e-action-hash=\"#elementor-action%3Aaction%3Dlightbox%26settings%3DeyJpZCI6MjMzLCJ1cmwiOiJodHRwczpcL1wvc3Rtbi50blwvd3AtY29udGVudFwvdXBsb2Fkc1wvMjAyNlwvMDRcLzE1ZW1lY29uZ3Jlcy1zdG1uLmpwZyIsInNsaWRlc2hvdyI6IjkwZjdlNmYifQ%3D%3D\" href='https:\/\/stmn.tn\/wp-content\/uploads\/2026\/04\/15emecongres-stmn.jpg'><img loading=\"lazy\" decoding=\"async\" width=\"1600\" height=\"1142\" src=\"https:\/\/stmn.tn\/wp-content\/uploads\/2026\/04\/15emecongres-stmn.jpg\" class=\"attachment-2048x2048 size-2048x2048\" alt=\"\" srcset=\"https:\/\/stmn.tn\/wp-content\/uploads\/2026\/04\/15emecongres-stmn.jpg 1600w, https:\/\/stmn.tn\/wp-content\/uploads\/2026\/04\/15emecongres-stmn-300x214.jpg 300w, https:\/\/stmn.tn\/wp-content\/uploads\/2026\/04\/15emecongres-stmn-1024x731.jpg 1024w, https:\/\/stmn.tn\/wp-content\/uploads\/2026\/04\/15emecongres-stmn-768x548.jpg 768w, https:\/\/stmn.tn\/wp-content\/uploads\/2026\/04\/15emecongres-stmn-1536x1096.jpg 1536w\" sizes=\"(max-width: 1600px) 100vw, 1600px\" \/><\/a>\n\t\t\t<\/div><\/figure><figure class='gallery-item'>\n\t\t\t<div class='gallery-icon landscape'>\n\t\t\t\t<a data-elementor-open-lightbox=\"yes\" data-elementor-lightbox-slideshow=\"90f7e6f\" data-elementor-lightbox-title=\"congr\u00e8s stmn\" data-e-action-hash=\"#elementor-action%3Aaction%3Dlightbox%26settings%3DeyJpZCI6MjM0LCJ1cmwiOiJodHRwczpcL1wvc3Rtbi50blwvd3AtY29udGVudFwvdXBsb2Fkc1wvMjAyNlwvMDRcL2NvbmdyZXMtc3Rtbi5qcGciLCJzbGlkZXNob3ciOiI5MGY3ZTZmIn0%3D\" href='https:\/\/stmn.tn\/wp-content\/uploads\/2026\/04\/congres-stmn.jpg'><img loading=\"lazy\" decoding=\"async\" width=\"1600\" height=\"1142\" src=\"https:\/\/stmn.tn\/wp-content\/uploads\/2026\/04\/congres-stmn.jpg\" class=\"attachment-2048x2048 size-2048x2048\" alt=\"\" srcset=\"https:\/\/stmn.tn\/wp-content\/uploads\/2026\/04\/congres-stmn.jpg 1600w, https:\/\/stmn.tn\/wp-content\/uploads\/2026\/04\/congres-stmn-300x214.jpg 300w, https:\/\/stmn.tn\/wp-content\/uploads\/2026\/04\/congres-stmn-1024x731.jpg 1024w, https:\/\/stmn.tn\/wp-content\/uploads\/2026\/04\/congres-stmn-768x548.jpg 768w, https:\/\/stmn.tn\/wp-content\/uploads\/2026\/04\/congres-stmn-1536x1096.jpg 1536w\" sizes=\"(max-width: 1600px) 100vw, 1600px\" \/><\/a>\n\t\t\t<\/div><\/figure>\n\t\t<\/div>\n\t\t<\/div>\n\t\t\t\t\t\t<\/div>\n\t\t\t\t\t<\/div>\n\t\t\t\t<\/div>\n\t\t\t\t<\/div>\n\t\t","protected":false},"excerpt":{"rendered":"","protected":false},"author":1,"featured_media":0,"parent":0,"menu_order":0,"comment_status":"closed","ping_status":"closed","template":"","meta":{"footnotes":""},"class_list":["post-88","page","type-page","status-publish","hentry"],"_links":{"self":[{"href":"https:\/\/stmn.tn\/index.php\/wp-json\/wp\/v2\/pages\/88","targetHints":{"allow":["GET"]}}],"collection":[{"href":"https:\/\/stmn.tn\/index.php\/wp-json\/wp\/v2\/pages"}],"about":[{"href":"https:\/\/stmn.tn\/index.php\/wp-json\/wp\/v2\/types\/page"}],"author":[{"embeddable":true,"href":"https:\/\/stmn.tn\/index.php\/wp-json\/wp\/v2\/users\/1"}],"replies":[{"embeddable":true,"href":"https:\/\/stmn.tn\/index.php\/wp-json\/wp\/v2\/comments?post=88"}],"version-history":[{"count":62,"href":"https:\/\/stmn.tn\/index.php\/wp-json\/wp\/v2\/pages\/88\/revisions"}],"predecessor-version":[{"id":238,"href":"https:\/\/stmn.tn\/index.php\/wp-json\/wp\/v2\/pages\/88\/revisions\/238"}],"wp:attachment":[{"href":"https:\/\/stmn.tn\/index.php\/wp-json\/wp\/v2\/media?parent=88"}],"curies":[{"name":"wp","href":"https:\/\/api.w.org\/{rel}","templated":true}]}}